{"id":15774,"date":"2025-07-03T14:35:49","date_gmt":"2025-07-03T18:35:49","guid":{"rendered":"https:\/\/minwashin.org\/miajablahblah\/"},"modified":"2025-07-03T14:37:03","modified_gmt":"2025-07-03T18:37:03","slug":"miajablahblah","status":"publish","type":"page","link":"https:\/\/minwashin.org\/en\/miajablahblah\/","title":{"rendered":"miajablahblah"},"content":{"rendered":"<div class=\"fusion-fullwidth fullwidth-box fusion-builder-row-1 fusion-flex-container has-pattern-background has-mask-background fusion-parallax-none nonhundred-percent-fullwidth non-hundred-percent-height-scrolling\" style=\"--awb-background-position:center bottom;--awb-border-radius-top-left:0px;--awb-border-radius-top-right:0px;--awb-border-radius-bottom-right:0px;--awb-border-radius-bottom-left:0px;--awb-padding-bottom:220px;--awb-padding-bottom-small:289px;--awb-background-image:url(&quot;https:\/\/minwashin.org\/wp-content\/uploads\/2025\/07\/bg-accueil-miaja2025.jpg&quot;);--awb-background-image-small:url(&#039;https:\/\/minwashin.org\/wp-content\/uploads\/2025\/07\/bg-mobile-miaja-2025-1.jpg&#039;);--awb-background-size:cover;--awb-flex-wrap:wrap;\" ><div class=\"fusion-builder-row fusion-row fusion-flex-align-items-flex-start fusion-flex-content-wrap\" style=\"max-width:1216.8px;margin-left: calc(-4% \/ 2 );margin-right: calc(-4% \/ 2 );\"><div class=\"fusion-layout-column fusion_builder_column fusion-builder-column-0 fusion_builder_column_1_1 1_1 fusion-flex-column\" style=\"--awb-padding-top:179px;--awb-padding-right-small:21px;--awb-padding-left-small:21px;--awb-bg-size:cover;--awb-width-large:100%;--awb-margin-top-large:0px;--awb-spacing-right-large:1.92%;--awb-margin-bottom-large:0px;--awb-spacing-left-large:1.92%;--awb-width-medium:100%;--awb-order-medium:0;--awb-spacing-right-medium:1.92%;--awb-spacing-left-medium:1.92%;--awb-width-small:100%;--awb-order-small:0;--awb-spacing-right-small:1.92%;--awb-spacing-left-small:1.92%;\"><div class=\"fusion-column-wrapper fusion-column-has-shadow fusion-flex-justify-content-flex-start fusion-content-layout-column\"><div class=\"fusion-image-element \" style=\"text-align:center;--awb-margin-bottom:30px;--awb-caption-title-font-family:var(--h2_typography-font-family);--awb-caption-title-font-weight:var(--h2_typography-font-weight);--awb-caption-title-font-style:var(--h2_typography-font-style);--awb-caption-title-size:var(--h2_typography-font-size);--awb-caption-title-transform:var(--h2_typography-text-transform);--awb-caption-title-line-height:var(--h2_typography-line-height);--awb-caption-title-letter-spacing:var(--h2_typography-letter-spacing);\"><span class=\" fusion-imageframe imageframe-none imageframe-1 hover-type-none\"><img decoding=\"async\" width=\"728\" height=\"274\" title=\"miaja-02\" src=\"https:\/\/minwashin.org\/wp-content\/uploads\/2025\/07\/miaja-02.svg\" alt class=\"img-responsive wp-image-15754\"\/><\/span><\/div><div class=\"fusion-text fusion-text-1 fusion-no-small-visibility\" style=\"--awb-content-alignment:center;--awb-font-size:35px;--awb-line-height:42px;--awb-text-color:#ffffff;--awb-text-font-family:&quot;Basier square&quot;;--awb-text-font-style:normal;--awb-text-font-weight:400;\"><p>Kiw\u012bdimagewin ashidj Kiwenib\u012b\u2019amin Kid\u0101dis\u014dk\u0101n\u0101n<\/p>\n<\/div><div class=\"fusion-text fusion-text-2 fusion-no-medium-visibility fusion-no-large-visibility\" style=\"--awb-content-alignment:center;--awb-font-size:24px;--awb-line-height:29px;--awb-text-color:#ffffff;--awb-text-font-family:&quot;Basier square&quot;;--awb-text-font-style:normal;--awb-text-font-weight:400;\"><p>Kiw\u012bdimagewin ashidj Kiwenib\u012b\u2019amin Kid\u0101dis\u014dk\u0101n\u0101n<\/p>\n<\/div><div class=\"fusion-text fusion-text-3 fusion-no-small-visibility fusion-text-no-margin\" style=\"--awb-content-alignment:center;--awb-font-size:35px;--awb-text-color:#f68a3d;--awb-margin-bottom:50px;--awb-text-font-family:&quot;Basier square&quot;;\"><p>Rewriting and telling<br \/>\nour story<\/p>\n<\/div><div class=\"fusion-text fusion-text-4 fusion-no-medium-visibility fusion-no-large-visibility fusion-text-no-margin\" style=\"--awb-content-alignment:center;--awb-font-size:24px;--awb-text-color:#f68a3d;--awb-margin-bottom:50px;--awb-text-font-family:&quot;Basier square&quot;;\"><p>Rewriting and telling<br \/>\nour story<\/p>\n<\/div><div class=\"fusion-text fusion-text-5 fusion-no-small-visibility fusion-text-no-margin\" style=\"--awb-content-alignment:center;--awb-font-size:45px;--awb-line-height:54px;--awb-text-color:#ffffff;--awb-margin-bottom:50px;--awb-text-font-family:&quot;Basier square&quot;;\"><p>September 3 &amp; 4, 2025<br \/>\nTimiskaming First Nation<\/p>\n<\/div><div class=\"fusion-text fusion-text-6 fusion-no-medium-visibility fusion-no-large-visibility fusion-text-no-margin\" style=\"--awb-content-alignment:center;--awb-font-size:26px;--awb-line-height:32px;--awb-text-color:#ffffff;--awb-margin-bottom:50px;--awb-text-font-family:&quot;Basier square&quot;;\"><p>September 3 &amp; 4, 2025<br \/>\nTimiskaming First Nation<\/p>\n<\/div><div style=\"text-align:center;\"><a class=\"fusion-button button-flat fusion-button-default-size button-custom fusion-button-default button-1 fusion-button-default-span fusion-button-default-type\" style=\"--button_accent_color:#302b29;--button_border_color:#302b29;--button_accent_hover_color:#ffffff;--button_border_hover_color:#ffffff;--button-border-radius-top-left:7px;--button-border-radius-top-right:7px;--button-border-radius-bottom-right:7px;--button-border-radius-bottom-left:7px;--button_gradient_top_color:#f8ba64;--button_gradient_bottom_color:#f8ba64;--button_gradient_top_color_hover:#f8ba64;--button_gradient_bottom_color_hover:#f8ba64;--button_typography-font-family:&quot;Basier square&quot;;\" target=\"_blank\" rel=\"noopener noreferrer\" href=\"https:\/\/forms.gle\/qcvUbUfTCoGeSjMR6\"><span class=\"fusion-button-text awb-button__text awb-button__text--default\">Subscriptions<\/span><\/a><\/div><\/div><\/div><\/div><\/div>\n","protected":false},"excerpt":{"rendered":"","protected":false},"author":1,"featured_media":0,"parent":0,"menu_order":0,"comment_status":"closed","ping_status":"closed","template":"100-width.php","meta":{"_acf_changed":false,"footnotes":""},"class_list":["post-15774","page","type-page","status-publish","hentry"],"acf":[],"yoast_head":"<!-- This site is optimized with the Yoast SEO plugin v26.8 - https:\/\/yoast.com\/product\/yoast-seo-wordpress\/ -->\n<title>miajablahblah - Minwashin<\/title>\n<meta name=\"robots\" content=\"index, follow, max-snippet:-1, max-image-preview:large, max-video-preview:-1\" \/>\n<link rel=\"canonical\" href=\"https:\/\/minwashin.org\/en\/miajablahblah\/\" \/>\n<meta property=\"og:locale\" content=\"en_US\" \/>\n<meta property=\"og:type\" content=\"article\" \/>\n<meta property=\"og:title\" content=\"miajablahblah - Minwashin\" \/>\n<meta property=\"og:url\" content=\"https:\/\/minwashin.org\/en\/miajablahblah\/\" \/>\n<meta property=\"og:site_name\" content=\"Minwashin\" \/>\n<meta property=\"article:modified_time\" content=\"2025-07-03T18:37:03+00:00\" \/>\n<meta name=\"twitter:card\" content=\"summary_large_image\" \/>\n<meta name=\"twitter:label1\" content=\"Est. reading time\" \/>\n\t<meta name=\"twitter:data1\" content=\"1 minute\" \/>\n<script type=\"application\/ld+json\" class=\"yoast-schema-graph\">{\"@context\":\"https:\/\/schema.org\",\"@graph\":[{\"@type\":\"WebPage\",\"@id\":\"https:\/\/minwashin.org\/en\/miajablahblah\/\",\"url\":\"https:\/\/minwashin.org\/en\/miajablahblah\/\",\"name\":\"miajablahblah - Minwashin\",\"isPartOf\":{\"@id\":\"https:\/\/minwashin.org\/#website\"},\"datePublished\":\"2025-07-03T18:35:49+00:00\",\"dateModified\":\"2025-07-03T18:37:03+00:00\",\"breadcrumb\":{\"@id\":\"https:\/\/minwashin.org\/en\/miajablahblah\/#breadcrumb\"},\"inLanguage\":\"en-US\",\"potentialAction\":[{\"@type\":\"ReadAction\",\"target\":[\"https:\/\/minwashin.org\/en\/miajablahblah\/\"]}]},{\"@type\":\"BreadcrumbList\",\"@id\":\"https:\/\/minwashin.org\/en\/miajablahblah\/#breadcrumb\",\"itemListElement\":[{\"@type\":\"ListItem\",\"position\":1,\"name\":\"Accueil\",\"item\":\"https:\/\/minwashin.org\/en\/\"},{\"@type\":\"ListItem\",\"position\":2,\"name\":\"miajablahblah\"}]},{\"@type\":\"WebSite\",\"@id\":\"https:\/\/minwashin.org\/#website\",\"url\":\"https:\/\/minwashin.org\/\",\"name\":\"Minwashin\",\"description\":\"La culture anicinabe\",\"potentialAction\":[{\"@type\":\"SearchAction\",\"target\":{\"@type\":\"EntryPoint\",\"urlTemplate\":\"https:\/\/minwashin.org\/?s={search_term_string}\"},\"query-input\":{\"@type\":\"PropertyValueSpecification\",\"valueRequired\":true,\"valueName\":\"search_term_string\"}}],\"inLanguage\":\"en-US\"}]}<\/script>\n<!-- \/ Yoast SEO plugin. -->","yoast_head_json":{"title":"miajablahblah - Minwashin","robots":{"index":"index","follow":"follow","max-snippet":"max-snippet:-1","max-image-preview":"max-image-preview:large","max-video-preview":"max-video-preview:-1"},"canonical":"https:\/\/minwashin.org\/en\/miajablahblah\/","og_locale":"en_US","og_type":"article","og_title":"miajablahblah - Minwashin","og_url":"https:\/\/minwashin.org\/en\/miajablahblah\/","og_site_name":"Minwashin","article_modified_time":"2025-07-03T18:37:03+00:00","twitter_card":"summary_large_image","twitter_misc":{"Est. reading time":"1 minute"},"schema":{"@context":"https:\/\/schema.org","@graph":[{"@type":"WebPage","@id":"https:\/\/minwashin.org\/en\/miajablahblah\/","url":"https:\/\/minwashin.org\/en\/miajablahblah\/","name":"miajablahblah - Minwashin","isPartOf":{"@id":"https:\/\/minwashin.org\/#website"},"datePublished":"2025-07-03T18:35:49+00:00","dateModified":"2025-07-03T18:37:03+00:00","breadcrumb":{"@id":"https:\/\/minwashin.org\/en\/miajablahblah\/#breadcrumb"},"inLanguage":"en-US","potentialAction":[{"@type":"ReadAction","target":["https:\/\/minwashin.org\/en\/miajablahblah\/"]}]},{"@type":"BreadcrumbList","@id":"https:\/\/minwashin.org\/en\/miajablahblah\/#breadcrumb","itemListElement":[{"@type":"ListItem","position":1,"name":"Accueil","item":"https:\/\/minwashin.org\/en\/"},{"@type":"ListItem","position":2,"name":"miajablahblah"}]},{"@type":"WebSite","@id":"https:\/\/minwashin.org\/#website","url":"https:\/\/minwashin.org\/","name":"Minwashin","description":"La culture anicinabe","potentialAction":[{"@type":"SearchAction","target":{"@type":"EntryPoint","urlTemplate":"https:\/\/minwashin.org\/?s={search_term_string}"},"query-input":{"@type":"PropertyValueSpecification","valueRequired":true,"valueName":"search_term_string"}}],"inLanguage":"en-US"}]}},"_links":{"self":[{"href":"https:\/\/minwashin.org\/en\/wp-json\/wp\/v2\/pages\/15774","targetHints":{"allow":["GET"]}}],"collection":[{"href":"https:\/\/minwashin.org\/en\/wp-json\/wp\/v2\/pages"}],"about":[{"href":"https:\/\/minwashin.org\/en\/wp-json\/wp\/v2\/types\/page"}],"author":[{"embeddable":true,"href":"https:\/\/minwashin.org\/en\/wp-json\/wp\/v2\/users\/1"}],"replies":[{"embeddable":true,"href":"https:\/\/minwashin.org\/en\/wp-json\/wp\/v2\/comments?post=15774"}],"version-history":[{"count":1,"href":"https:\/\/minwashin.org\/en\/wp-json\/wp\/v2\/pages\/15774\/revisions"}],"predecessor-version":[{"id":15775,"href":"https:\/\/minwashin.org\/en\/wp-json\/wp\/v2\/pages\/15774\/revisions\/15775"}],"wp:attachment":[{"href":"https:\/\/minwashin.org\/en\/wp-json\/wp\/v2\/media?parent=15774"}],"curies":[{"name":"wp","href":"https:\/\/api.w.org\/{rel}","templated":true}]}}